{"id":783,"date":"2021-03-24T20:02:21","date_gmt":"2021-03-24T19:02:21","guid":{"rendered":"http:\/\/atomcsill.elte.hu\/NEW\/?page_id=783"},"modified":"2021-07-01T23:13:52","modified_gmt":"2021-07-01T21:13:52","slug":"2017-18-tanev-13-evad","status":"publish","type":"page","link":"https:\/\/atomcsill.elte.hu\/NEW\/eloadasaink-evadok-szerint-rendezve\/2017-18-tanev-13-evad\/","title":{"rendered":"2017-18. tan\u00e9v \u2013 13. \u00e9vad"},"content":{"rendered":"<h3>Kivonatok n\u00e9lk\u00fcli r\u00f6vid\u00edtett program<\/h3>\n<div class=\"em em-view-container\" id=\"em-view-1013224531\" data-view=\"list\">\r\n\t<div class=\"em-list em-events-list\" id=\"em-events-list-1013224531\" data-view-id=\"1013224531\">\r\n\t<strong>2017.09.14. <span><a href=\"https:\/\/atomcsill.elte.hu\/NEW\/events\/categories\/david-gyula\/\"><span style=\"color: #333399\"><b>D\u00e1vid Gyula<\/b><\/span><\/a><\/span> (ELTE TTK, Atomfizikai Tansz\u00e9k): <br \/> <a href=\"https:\/\/atomcsill.elte.hu\/NEW\/events\/feny-a-kanyarban-%f0%9f%93%ba\/\">F\u00e9ny a kanyarban \ud83d\udcfa<\/a><\/strong> <hr \/><strong>2017.09.28. <span><a href=\"https:\/\/atomcsill.elte.hu\/NEW\/events\/categories\/asboth-janos\/\"><span style=\"color: #333399\"><b>Asb\u00f3th J\u00e1nos<\/b><\/span><\/a><\/span> (MTA Wigner Fizikai Kutat\u00f3k\u00f6zpont): <br \/> <a href=\"https:\/\/atomcsill.elte.hu\/NEW\/events\/kiserteties-tavolhatas-ami-a-kvantumtechnologia-alapja-a-kvantumos-osszefonodas\/\">K\u00eds\u00e9rteties t\u00e1volhat\u00e1s, ami a kvantumtechnol\u00f3gia alapja: a kvantumos \u00f6sszefon\u00f3d\u00e1s \ud83d\udcfa<\/a><\/strong> <hr \/><strong>2017.10.12. <span><a href=\"https:\/\/atomcsill.elte.hu\/NEW\/events\/categories\/bajnok-zoltan\/\"><span style=\"color: #333399\"><b>Bajnok Zolt\u00e1n<\/b><\/span><\/a><\/span> (MTA Wigner Fizikai Kutat\u00f3k\u00f6zpont): <br \/> <a href=\"https:\/\/atomcsill.elte.hu\/NEW\/events\/holografia-a-reszecskefizikaban-%f0%9f%93%ba\/\">Hologr\u00e1fia a r\u00e9szecskefizik\u00e1ban \ud83d\udcfa<\/a><\/strong> <hr \/><strong>2017.10.26. <span><a href=\"https:\/\/atomcsill.elte.hu\/NEW\/events\/categories\/werner-norbert\/\"><span style=\"color: #333399\"><b>Werner Norbert<\/b><\/span><\/a><\/span> (ELTE TTK, Atomfizikai Tansz\u00e9k): <br \/> <a href=\"https:\/\/atomcsill.elte.hu\/NEW\/events\/vegyi-elemek-orias-fekete-lyukak-es-egy-darabokra-hullott-muhold-tortenete\/\">Vegyi elemek, \u00f3ri\u00e1s fekete lyukak \u00e9s egy darabokra hullott m\u0171hold t\u00f6rt\u00e9nete \ud83d\udcfa<\/a><\/strong> <hr \/><strong>2017.11.16. <span><a href=\"https:\/\/atomcsill.elte.hu\/NEW\/events\/categories\/david-gyula\/\"><span style=\"color: #333399\"><b>D\u00e1vid Gyula<\/b><\/span><\/a><\/span> (ELTE TTK, Atomfizikai Tansz\u00e9k): <br \/> <a href=\"https:\/\/atomcsill.elte.hu\/NEW\/events\/szimmetriak-es-reaktorok-wigner-emlekeloadas\/\">Szimmetri\u00e1k \u00e9s reaktorok (Wigner eml\u00e9kel\u0151ad\u00e1s) \ud83d\udcfa<\/a><\/strong> <hr \/><strong>2017.11.30. <span><a href=\"https:\/\/atomcsill.elte.hu\/NEW\/events\/categories\/roka-andras\/\"><span style=\"color: #333399\"><b>R\u00f3ka Andr\u00e1s<\/b><\/span><\/a><\/span> (ELTE TTK, K\u00e9miai Int\u00e9zet): <br \/> <a href=\"https:\/\/atomcsill.elte.hu\/NEW\/events\/a-matrjoska-elv-a-folyamatok-egymasra-epulese\/\">A \u201eMatrjoska-elv&quot; (a folyamatok egym\u00e1sra \u00e9p\u00fcl\u00e9se) \ud83d\udcfa<\/a><\/strong> <hr \/><strong>2017.12.14. <span><a href=\"https:\/\/atomcsill.elte.hu\/NEW\/events\/categories\/timar-gabor\/\"><span style=\"color: #333399\"><b>Tim\u00e1r G\u00e1bor<\/b><\/span><\/a><\/span> (ELTE TTK, Geofizikai \u00e9s \u0170rtudom\u00e1nyi Tansz\u00e9k): <br \/> <a href=\"https:\/\/atomcsill.elte.hu\/NEW\/events\/foldmeres-geofizika-es-gravitacio-a-fold-alakjatol-az-urgeodeziaig\/\">F\u00f6ldm\u00e9r\u00e9s, geofizika \u00e9s gravit\u00e1ci\u00f3: a F\u00f6ld alakj\u00e1t\u00f3l az \u0171rgeod\u00e9zi\u00e1ig \ud83d\udcfa<\/a><\/strong> <hr \/><strong>2018.01.18. <span><a href=\"https:\/\/atomcsill.elte.hu\/NEW\/events\/categories\/bokanyi-eszter\/\"><span style=\"color: #333399\"><b>Bok\u00e1nyi Eszter<\/b><\/span><\/a><\/span> (ELTE TTK, Komplex Rendszerek Fizik\u00e1ja Tansz\u00e9k): <br \/> <a href=\"https:\/\/atomcsill.elte.hu\/NEW\/events\/hogyan-vizsgaljak-a-fizikusok-a-varosokat\/\">Hogyan vizsg\u00e1lj\u00e1k a fizikusok a v\u00e1rosokat? \ud83d\udcfa<\/a><\/strong> <hr \/><strong>2018.02.01. <span><a href=\"https:\/\/atomcsill.elte.hu\/NEW\/events\/categories\/barnafoldi-gergely\/\"><span style=\"color: #333399\"><b>Barnaf\u00f6ldi Gergely<\/b><\/span><\/a><\/span> (MTA Wigner Fizikai Kutat\u00f3k\u00f6zpont): <br \/> <a href=\"https:\/\/atomcsill.elte.hu\/NEW\/events\/fcc-gyorsito-a-nagy-hadronutkozteton-tul\/\">FCC, gyors\u00edt\u00f3 a Nagy Hadron\u00fctk\u00f6ztet\u0151n t\u00fal... \ud83d\udcfa<\/a><\/strong> <hr \/><strong>2018.02.15. <span><a href=\"https:\/\/atomcsill.elte.hu\/NEW\/events\/categories\/hartlein-karoly\/\"><span style=\"color: #333399\"><b>H\u00e4rtlein K\u00e1roly<\/b><\/span><\/a><\/span> (Budapesti M\u0171szaki Egyetem, Fizikai Int\u00e9zet): <br \/> <a href=\"https:\/\/atomcsill.elte.hu\/NEW\/events\/elektrosztatikus-es-magnetosztatikus-eroterek\/\">Elektrosztatikus \u00e9s magnetosztatikus er\u0151terek \ud83d\udcfa<\/a><\/strong> <hr \/><strong>2018.03.01. <span><a href=\"https:\/\/atomcsill.elte.hu\/NEW\/events\/categories\/kollath-zoltan\/\"><span style=\"color: #333399\"><b>Koll\u00e1th Zolt\u00e1n<\/b><\/span><\/a><\/span> (ELTE Savaria Fizikai Tansz\u00e9k): <br \/> <a href=\"https:\/\/atomcsill.elte.hu\/NEW\/events\/az-egbolt-fenyei\/\">Az \u00e9gbolt f\u00e9nyei \ud83d\udcfa<\/a><\/strong> <hr \/><strong>2018.03.22. <span><a href=\"https:\/\/atomcsill.elte.hu\/NEW\/events\/categories\/szollosi-gergely\/\"><span style=\"color: #333399\"><b>Sz\u00f6ll\u0151si Gergely<\/b><\/span><\/a><\/span> (ELTE TTK, Biol\u00f3giai Fizikai Tansz\u00e9k): <br \/> <a href=\"https:\/\/atomcsill.elte.hu\/NEW\/events\/honnan-tudjuk-hogy-hany-eves-a-fold-es-a-foldi-elet\/\">Honnan tudjuk, hogy h\u00e1ny \u00e9ves a F\u00f6ld \u00e9s a f\u00f6ldi \u00e9let? \ud83d\udcfa<\/a><\/strong> <hr \/><strong>2018.04.12. <span><a href=\"https:\/\/atomcsill.elte.hu\/NEW\/events\/categories\/katz-sandor\/\"><span style=\"color: #333399\"><b>Katz S\u00e1ndor<\/b><\/span><\/a><\/span> (ELTE TTK, Elm\u00e9leti Fizikai Tansz\u00e9k): <br \/> <a href=\"https:\/\/atomcsill.elte.hu\/NEW\/events\/az-axion-mint-sotet-anyag\/\">Az axion mint s\u00f6t\u00e9t anyag \ud83d\udcfa<\/a><\/strong> <hr \/><strong>2018.04.26. <span><a href=\"https:\/\/atomcsill.elte.hu\/NEW\/events\/categories\/zimboras-zoltan\/\"><span style=\"color: #333399\"><b>Zimbor\u00e1s Zolt\u00e1n<\/b><\/span><\/a><\/span> (MTA Wigner Fizikai Kutat\u00f3k\u00f6zpont): <br \/> <a href=\"https:\/\/atomcsill.elte.hu\/NEW\/events\/kvantumszamitogepek-elmeletben-es-gyakorlatban-%f0%9f%93%ba\/\">Kvantumsz\u00e1m\u00edt\u00f3g\u00e9pek \u2014 elm\u00e9letben \u00e9s gyakorlatban \ud83d\udcfa<\/a><\/strong> <hr \/>\t<\/div>\r\n<\/div>\n","protected":false},"excerpt":{"rendered":"<p>Kivonatok n\u00e9lk\u00fcli r\u00f6vid\u00edtett program<\/p>\n","protected":false},"author":1,"featured_media":0,"parent":654,"menu_order":0,"comment_status":"closed","ping_status":"closed","template":"","meta":{"_acf_changed":false,"footnotes":""},"class_list":["post-783","page","type-page","status-publish","hentry"],"acf":[],"_links":{"self":[{"href":"https:\/\/atomcsill.elte.hu\/NEW\/wp-json\/wp\/v2\/pages\/783","targetHints":{"allow":["GET"]}}],"collection":[{"href":"https:\/\/atomcsill.elte.hu\/NEW\/wp-json\/wp\/v2\/pages"}],"about":[{"href":"https:\/\/atomcsill.elte.hu\/NEW\/wp-json\/wp\/v2\/types\/page"}],"author":[{"embeddable":true,"href":"https:\/\/atomcsill.elte.hu\/NEW\/wp-json\/wp\/v2\/users\/1"}],"replies":[{"embeddable":true,"href":"https:\/\/atomcsill.elte.hu\/NEW\/wp-json\/wp\/v2\/comments?post=783"}],"version-history":[{"count":3,"href":"https:\/\/atomcsill.elte.hu\/NEW\/wp-json\/wp\/v2\/pages\/783\/revisions"}],"predecessor-version":[{"id":1094,"href":"https:\/\/atomcsill.elte.hu\/NEW\/wp-json\/wp\/v2\/pages\/783\/revisions\/1094"}],"up":[{"embeddable":true,"href":"https:\/\/atomcsill.elte.hu\/NEW\/wp-json\/wp\/v2\/pages\/654"}],"wp:attachment":[{"href":"https:\/\/atomcsill.elte.hu\/NEW\/wp-json\/wp\/v2\/media?parent=783"}],"curies":[{"name":"wp","href":"https:\/\/api.w.org\/{rel}","templated":true}]}}