{"id":873,"date":"2021-03-25T20:20:09","date_gmt":"2021-03-25T19:20:09","guid":{"rendered":"http:\/\/atomcsill.elte.hu\/NEW\/?page_id=873"},"modified":"2021-03-25T20:20:09","modified_gmt":"2021-03-25T19:20:09","slug":"2015-16-tanev-11-evad","status":"publish","type":"page","link":"https:\/\/atomcsill.elte.hu\/NEW\/archivum\/2015-16-tanev-11-evad\/","title":{"rendered":"2015-16. tan\u00e9v \u2013 11. \u00e9vad"},"content":{"rendered":"<p><span style=\"color: #333399;\"><em><strong>Hallott\u00e1l-e<\/strong><\/em><\/span> arr\u00f3l, hogy 2015 a F\u00e9ny Nemzetk\u00f6zi \u00c9ve? \u00c9s tudod-e, hogy a sok \u00e9rdekes term\u00e9szeti jelens\u00e9g k\u00f6z\u00fcl mi\u00e9rt \u00e9ppen a f\u00e9ny \u00e9rdemelte ki, hogy saj\u00e1t \u00e9ve legyen? Az Atomcsill sorozat 2015 \u0151szi el\u0151ad\u00e1sai kiv\u00e9tel n\u00e9lk\u00fcl a f\u00e9ny fizik\u00e1j\u00e1val, illetve a f\u00e9ny tudom\u00e1nyos, technikai, ipari \u00e9s orvosi alkalmaz\u00e1saival foglalkoznak.<\/p>\n<p><span style=\"color: #333399;\"><em><strong>Tudod-e<\/strong><\/em><\/span>, mi k\u00f6ze a f\u00e9nynek az agy m\u0171k\u00f6d\u00e9s\u00e9hez? Tudod-e, hogy a magyar kutat\u00f3k \u00e1ltal kifejlesztett szupermikroszk\u00f3p lehet\u0151v\u00e9 teszi az \u00e9l\u0151 anyag szerkezet\u00e9nek \u00e9s a benne lezajl\u00f3 folyamatoknak h\u00e1romdimenzi\u00f3s k\u00f6vet\u00e9s\u00e9t, \u00e9s hogy ezzel k\u00f6zelebb ker\u00fclhet\u00fcnk a kor\u00e1bban el\u00e9rhetetlen biol\u00f3giai jelens\u00e9gek magyar\u00e1zat\u00e1hoz?<\/p>\n<p><span style=\"color: #333399;\"><em><strong>L\u00e1tt\u00e1l-e<\/strong><\/em><\/span> m\u00e1r sziv\u00e1rv\u00e1nyt? Persze hogy l\u00e1tt\u00e1l. \u00c9s mell\u00e9knapot, m\u00e1s n\u00e9ven napkuty\u00e1t? \u00c9jszakai vil\u00e1g\u00edt\u00f3 felh\u0151ket? Ahogy Shakespeare mondja: t\u00f6bb dolgok vannak f\u00f6ld\u00f6n \u00e9s \u00e9gen, mintsem b\u00f6lcselm\u00fcnk \u00e1lmodni k\u00e9pes! Nem v\u00e9letlen, hogy az emberek \u00e9vsz\u00e1zadokon \u00e1t babon\u00e1s retteg\u00e9ssel figyelt\u00e9k e ritk\u00e1n felt\u0171n\u0151 l\u00e9gk\u00f6roptikai jelens\u00e9geket. De ma m\u00e1r elsz\u00e1nt, \u00e9s megfelel\u0151 fot\u00f3felszerel\u00e9ssel ell\u00e1tott vad\u00e1szok lesik, f\u00e9nyk\u00e9pezik \u00e9s dokument\u00e1lj\u00e1k ezeket a ritka \u00e9gi t\u00fcnem\u00e9nyeket, az optika \u00e9s a meteorol\u00f3gia tudom\u00e1nya pedig k\u00e9pes megmagyar\u00e1zni keletkez\u00e9s\u00fcket. A meg\u00e9rt\u00e9s persze nem akad\u00e1lyozza meg, hogy tov\u00e1bbra is gy\u00f6ny\u00f6rk\u00f6dj\u00fcnk e jelens\u00e9gek sz\u00e9ps\u00e9g\u00e9ben.<\/p>\n<p><span style=\"color: #333399;\"><em><strong>Tudod-e<\/strong><\/em><\/span>, hogy az izz\u00e1sba hozott szil\u00e1rd anyagok ugyanolyan jelleg\u0171 f\u00e9nyt bocs\u00e1tanak ki, mint amilyen a Nagy Bumm m\u00e1ig dereng\u0151 visszf\u00e9nye, \u00e9s hasonl\u00f3 a fekete lyukak k\u00f6rny\u00e9k\u00e9r\u0151l kisziv\u00e1rg\u00f3 nevezetes Hawking-sug\u00e1rz\u00e1s is? Hallott\u00e1l r\u00f3la, hogy e sug\u00e1rz\u00e1s tanulm\u00e1nyoz\u00e1s\u00e1b\u00f3l, a klasszikus fizika \u00e1ltal megmagyar\u00e1zhatatlan jellegzetess\u00e9geinek vizsg\u00e1lat\u00e1b\u00f3l n\u0151tt ki a 20. sz\u00e1zad fizik\u00e1j\u00e1t alapvet\u0151en meghat\u00e1roz\u00f3 kvantumelm\u00e9let? \u00c9s tudod-e, hogy e kvantumelm\u00e9let sokat emlegetett v\u00e9letlen jelleg\u00e9t \u00e9ppen a f\u00e9ny tulajdons\u00e1gainak elemz\u00e9s\u00e9vel vizsg\u00e1lj\u00e1k a fizikusok?<\/p>\n<p><span style=\"color: #333399;\"><em><strong>Gondoln\u00e1d-e<\/strong><\/em><\/span>, hogy a fekete lyukak (nev\u00fcknek ellentmondva) a Vil\u00e1gmindens\u00e9g legf\u00e9nyesebb objektumai k\u00f6z\u00e9 tartoznak, \u00e9s tudod-e, mit \u00e1rul el e rejt\u00e9lyes objektumokr\u00f3l a k\u00f6rnyezet\u00fckb\u0151l \u00e9rkez\u0151 sug\u00e1rz\u00e1s? \u00c9s belegondolt\u00e1l-e, honnan tudjuk a csillagokr\u00f3l mindazt, amit tudunk? Bizony, a legt\u00f6bb inform\u00e1ci\u00f3t a csillagok f\u00e9nye hordozza \u2014 helyzet\u00fckr\u0151l, eloszl\u00e1sukr\u00f3l \u00e9s fizikai \u00e1llapotukr\u00f3l is. Tudod-e, hogy milyen m\u00f3dszerekkel tanulm\u00e1nyozz\u00e1k a csillag\u00e1szok a m\u00e9g meg sem sz\u00fcletett csillagokat? Hallott\u00e1l-e arr\u00f3l, hogy nemr\u00e9giben \u2014 magyar kutat\u00f3k k\u00f6zrem\u0171k\u00f6d\u00e9s\u00e9vel \u2014 elk\u00e9sz\u00fclt az Univerzum h\u00e1romdimenzi\u00f3s t\u00e9rk\u00e9pe, mi t\u00f6bb: te is el\u00e9rheted az interneten, \u00e9s k\u00e9perny\u0151d\u00f6n szabadon k\u00f3borolhatsz a galaxisok sz\u00e1zmilli\u00f3i alkotta csipkeszer\u0171 h\u00e1l\u00f3ban?<\/p>\n<p><span style=\"color: #333399;\"><em><strong>\u00c9s tudod-e<\/strong><\/em><\/span>, hogyan tekintenek be a csillag\u00e1szok oda, ahonnan a f\u00e9ny sem jut el hozz\u00e1nk? Hogyan tudj\u00e1k tanulm\u00e1nyozni a csillagok belsej\u00e9ben terjed\u0151, a f\u00f6ldreng\u00e9sek hull\u00e1maihoz hasonl\u00f3 jelens\u00e9geket? \u00c9s vajon mit csin\u00e1l a meteorvad\u00e1sz csillag\u00e1sz, ha felh\u0151s az \u00e9g? Nem szomorkodik, hanem le\u00fcl a r\u00e1di\u00f3ja mell\u00e9&#8230;<\/p>\n<p><span style=\"color: #333399;\"><em><strong>Meg tudod-e magyar\u00e1zni<\/strong><\/em><\/span>, hogy mi\u00e9rt terjed egyenes vonalban a f\u00e9ny? Mi\u00e9rt nem lehet bel\u00e1tni az utcasarok m\u00f6g\u00e9, \u00e9s mi\u00e9rt halljuk m\u00e9gis az ugyanonnan \u00e9rkez\u0151 hangokat? Tudod-e, hogy a f\u00e9ny terjed\u00e9s\u00e9nek le\u00edr\u00e1s\u00e1ra kidolgozott matematikai alapelvek tov\u00e1bbgondol\u00e1s\u00e1b\u00f3l sz\u00fcletett meg a 19. sz\u00e1zad k\u00f6zep\u00e9n a Hamilton nev\u00e9hez f\u0171z\u0151d\u0151 mechanikai elm\u00e9let, ami n\u00e9lk\u00fcl sem a term\u00e9szetes, sem a mesters\u00e9ges \u00e9gitestek mozg\u00e1s\u00e1t nem tudn\u00e1nk kisz\u00e1m\u00edtani?<\/p>\n<p>A f\u00e9ny \u00e9v\u00e9nek elm\u00falt\u00e1val, a tavaszi f\u00e9l\u00e9vben m\u00e1s \u00e9rdekes jelens\u00e9geket is megvizsg\u00e1lunk. Kider\u00edtj\u00fck, mire lehet haszn\u00e1lni a h\u00e9tk\u00f6znapokban a r\u00e9szecskegyors\u00edt\u00f3kat. Aprop\u00f3 r\u00e9szecsk\u00e9k: vajon mi az, amit biztosan tudunk r\u00f3luk, \u00e9s mi az, amit m\u00e9g nem is sejt\u00fcnk? De sz\u00f3 lesz arr\u00f3l is, hogyan szab\u00e1lyozz\u00e1k kollekt\u00edv viselked\u00e9s\u00fcket a rajokban mozg\u00f3 \u00e1llatok, \u00e9s e tapasztalatok alapj\u00e1n hogyan lehet vez\u00e9relni a mesters\u00e9ges objektumokb\u00f3l, p\u00e9ld\u00e1ul dr\u00f3nokb\u00f3l \u00e1ll\u00f3 csapatokat.<\/p>\n<p><span style=\"color: #333399;\"><em><strong>Ha \u00e9rdekelnek e k\u00e9rd\u00e9sek \u00e9s a tudom\u00e1ny v\u00e1laszai<\/strong><\/em><\/span>, gyere el a 2015. szeptember\u00e9ben kezd\u0151d\u0151 el\u0151ad\u00e1ssorozatunkra!<\/p>\n","protected":false},"excerpt":{"rendered":"<p>Hallott\u00e1l-e arr\u00f3l, hogy 2015 a F\u00e9ny Nemzetk\u00f6zi \u00c9ve? \u00c9s tudod-e, hogy a sok \u00e9rdekes term\u00e9szeti jelens\u00e9g k\u00f6z\u00fcl mi\u00e9rt \u00e9ppen a f\u00e9ny \u00e9rdemelte ki, hogy saj\u00e1t \u00e9ve legyen? Az Atomcsill sorozat 2015 \u0151szi el\u0151ad\u00e1sai kiv\u00e9tel n\u00e9lk\u00fcl a f\u00e9ny fizik\u00e1j\u00e1val, illetve a f\u00e9ny tudom\u00e1nyos, technikai, ipari \u00e9s orvosi alkalmaz\u00e1saival foglalkoznak. Tudod-e, mi k\u00f6ze a f\u00e9nynek az agy &hellip; <a href=\"https:\/\/atomcsill.elte.hu\/NEW\/archivum\/2015-16-tanev-11-evad\/\" class=\"more-link\">B\u0151vebben: <span class=\"screen-reader-text\">2015-16. tan\u00e9v \u2013 11. \u00e9vad<\/span><\/a><\/p>\n","protected":false},"author":1,"featured_media":0,"parent":215,"menu_order":0,"comment_status":"closed","ping_status":"closed","template":"","meta":{"_acf_changed":false,"footnotes":""},"class_list":["post-873","page","type-page","status-publish","hentry"],"acf":[],"_links":{"self":[{"href":"https:\/\/atomcsill.elte.hu\/NEW\/wp-json\/wp\/v2\/pages\/873","targetHints":{"allow":["GET"]}}],"collection":[{"href":"https:\/\/atomcsill.elte.hu\/NEW\/wp-json\/wp\/v2\/pages"}],"about":[{"href":"https:\/\/atomcsill.elte.hu\/NEW\/wp-json\/wp\/v2\/types\/page"}],"author":[{"embeddable":true,"href":"https:\/\/atomcsill.elte.hu\/NEW\/wp-json\/wp\/v2\/users\/1"}],"replies":[{"embeddable":true,"href":"https:\/\/atomcsill.elte.hu\/NEW\/wp-json\/wp\/v2\/comments?post=873"}],"version-history":[{"count":1,"href":"https:\/\/atomcsill.elte.hu\/NEW\/wp-json\/wp\/v2\/pages\/873\/revisions"}],"predecessor-version":[{"id":874,"href":"https:\/\/atomcsill.elte.hu\/NEW\/wp-json\/wp\/v2\/pages\/873\/revisions\/874"}],"up":[{"embeddable":true,"href":"https:\/\/atomcsill.elte.hu\/NEW\/wp-json\/wp\/v2\/pages\/215"}],"wp:attachment":[{"href":"https:\/\/atomcsill.elte.hu\/NEW\/wp-json\/wp\/v2\/media?parent=873"}],"curies":[{"name":"wp","href":"https:\/\/api.w.org\/{rel}","templated":true}]}}